{"id":2134,"date":"2026-02-26T10:27:40","date_gmt":"2026-02-26T10:27:40","guid":{"rendered":"https:\/\/miracleald.com\/?page_id=2134"},"modified":"2026-04-15T20:31:06","modified_gmt":"2026-04-15T20:31:06","slug":"pojat","status":"publish","type":"page","link":"https:\/\/miracleald.com\/en\/pojat\/","title":{"rendered":"Boys"},"content":{"rendered":"<div data-elementor-type=\"wp-page\" data-elementor-id=\"2134\" class=\"elementor elementor-2134\" data-elementor-post-type=\"page\">\n\t\t\t\t<div class=\"elementor-element elementor-element-c106728 e-flex e-con-boxed e-con e-parent\" data-id=\"c106728\" data-element_type=\"container\" data-e-type=\"container\" data-settings=\"{&quot;background_background&quot;:&quot;classic&quot;}\">\n\t\t\t\t\t<div class=\"e-con-inner\">\n\t\t<div class=\"elementor-element elementor-element-23552af1 e-flex e-con-boxed e-con e-child\" data-id=\"23552af1\" data-element_type=\"container\" data-e-type=\"container\">\n\t\t\t\t\t<div class=\"e-con-inner\">\n\t\t\t\t<div class=\"elementor-element elementor-element-726c7d0b elementor-widget elementor-widget-heading\" data-id=\"726c7d0b\" data-element_type=\"widget\" data-e-type=\"widget\" data-widget_type=\"heading.default\">\n\t\t\t\t<div class=\"elementor-widget-container\">\n\t\t\t\t\t<h1 class=\"elementor-heading-title elementor-size-default\">Miracle australianlabradoodle<span style=\"font-size: medium;letter-spacing: normal;text-align: start\"><\/span><\/h1>\t\t\t\t<\/div>\n\t\t\t\t<\/div>\n\t\t\t\t<div class=\"elementor-element elementor-element-29f06712 elementor-widget elementor-widget-heading\" data-id=\"29f06712\" data-element_type=\"widget\" data-e-type=\"widget\" data-widget_type=\"heading.default\">\n\t\t\t\t<div class=\"elementor-widget-container\">\n\t\t\t\t\t<h1 class=\"elementor-heading-title elementor-size-default\">Where real miracles are made<\/h1>\t\t\t\t<\/div>\n\t\t\t\t<\/div>\n\t\t\t\t\t<\/div>\n\t\t\t\t<\/div>\n\t\t\t\t\t<\/div>\n\t\t\t\t<\/div>\n\t\t<div class=\"elementor-element elementor-element-8364611 e-flex e-con-boxed e-con e-parent\" data-id=\"8364611\" data-element_type=\"container\" data-e-type=\"container\">\n\t\t\t\t\t<div class=\"e-con-inner\">\n\t\t\t\t<div class=\"elementor-element elementor-element-9920503 elementor-widget elementor-widget-heading\" data-id=\"9920503\" data-element_type=\"widget\" data-e-type=\"widget\" data-widget_type=\"heading.default\">\n\t\t\t\t<div class=\"elementor-widget-container\">\n\t\t\t\t\t<h2 class=\"elementor-heading-title elementor-size-default\">Boys<\/h2>\t\t\t\t<\/div>\n\t\t\t\t<\/div>\n\t\t\t\t<div class=\"elementor-element elementor-element-94608ea elementor-widget elementor-widget-heading\" data-id=\"94608ea\" data-element_type=\"widget\" data-e-type=\"widget\" data-widget_type=\"heading.default\">\n\t\t\t\t<div class=\"elementor-widget-container\">\n\t\t\t\t\t<h2 class=\"elementor-heading-title elementor-size-default\"><a href=\"\/en\/tytot\/\">CHECK OUT THE GIRLS<\/a><\/h2>\t\t\t\t<\/div>\n\t\t\t\t<\/div>\n\t\t\t\t\t<\/div>\n\t\t\t\t<\/div>\n\t\t<div class=\"elementor-element elementor-element-3f49694 e-flex e-con-boxed e-con e-parent\" data-id=\"3f49694\" data-element_type=\"container\" data-e-type=\"container\">\n\t\t\t\t\t<div class=\"e-con-inner\">\n\t\t<div class=\"elementor-element elementor-element-c17e881 e-flex e-con-boxed e-con e-child\" data-id=\"c17e881\" data-element_type=\"container\" data-e-type=\"container\">\n\t\t\t\t\t<div class=\"e-con-inner\">\n\t\t\t\t<div class=\"elementor-element elementor-element-624428c elementor-widget elementor-widget-heading\" data-id=\"624428c\" data-element_type=\"widget\" data-e-type=\"widget\" data-widget_type=\"heading.default\">\n\t\t\t\t<div class=\"elementor-widget-container\">\n\t\t\t\t\t<h2 class=\"elementor-heading-title elementor-size-default\">Arrowhead Jump On It Thumper<\/h2>\t\t\t\t<\/div>\n\t\t\t\t<\/div>\n\t\t\t\t<div class=\"elementor-element elementor-element-930a925 elementor-widget-divider--view-line elementor-widget elementor-widget-divider\" data-id=\"930a925\" data-element_type=\"widget\" data-e-type=\"widget\" data-widget_type=\"divider.default\">\n\t\t\t\t<div class=\"elementor-widget-container\">\n\t\t\t\t\t\t\t<div class=\"elementor-divider\">\n\t\t\t<span class=\"elementor-divider-separator\">\n\t\t\t\t\t\t<\/span>\n\t\t<\/div>\n\t\t\t\t\t\t<\/div>\n\t\t\t\t<\/div>\n\t\t<div class=\"elementor-element elementor-element-06fed1b e-flex e-con-boxed e-con e-child\" data-id=\"06fed1b\" data-element_type=\"container\" data-e-type=\"container\">\n\t\t\t\t\t<div class=\"e-con-inner\">\n\t\t<div class=\"elementor-element elementor-element-25ec4c5 e-flex e-con-boxed e-con e-child\" data-id=\"25ec4c5\" data-element_type=\"container\" data-e-type=\"container\">\n\t\t\t\t\t<div class=\"e-con-inner\">\n\t\t\t\t<div class=\"elementor-element elementor-element-38be1a5 elementor-widget elementor-widget-text-editor\" data-id=\"38be1a5\" data-element_type=\"widget\" data-e-type=\"widget\" data-widget_type=\"text-editor.default\">\n\t\t\t\t<div class=\"elementor-widget-container\">\n\t\t\t\t\t\t\t\t\t<div class=\"elementToProof\">Tuukka is a breeding male imported from the USA, in cooperation with La Isla's ALD. Tuukka has left wonderful offspring in the USA and is now available for breeding in Finland as well. If you are interested in Tuukka's breeding use, please contact us <a href=\"mailto:mira@miracleald.com\">mira@miracleald.com<\/a><\/div><div class=\"elementToProof\">Tuukka is a super handsome and sweet boy \u2764\ufe0f He is really kind, calm and studious. Tuukka loves crunches and being next to you. Tuukka gets along with all dogs and, as a calm type, follows with interest the progress of the faster ones.<\/div>\t\t\t\t\t\t\t\t<\/div>\n\t\t\t\t<\/div>\n\t\t\t\t<div class=\"elementor-element elementor-element-b08e592 elementor-widget elementor-widget-image\" data-id=\"b08e592\" data-element_type=\"widget\" data-e-type=\"widget\" data-widget_type=\"image.default\">\n\t\t\t\t<div class=\"elementor-widget-container\">\n\t\t\t\t\t\t\t\t\t\t\t\t\t\t\t<img fetchpriority=\"high\" decoding=\"async\" width=\"308\" height=\"408\" src=\"https:\/\/miracleald.com\/wp-content\/uploads\/2025\/02\/Thumper.jpg\" class=\"attachment-large size-large wp-image-1869\" alt=\"\" srcset=\"https:\/\/miracleald.com\/wp-content\/uploads\/2025\/02\/Thumper.jpg 308w, https:\/\/miracleald.com\/wp-content\/uploads\/2025\/02\/Thumper-226x300.jpg 226w, https:\/\/miracleald.com\/wp-content\/uploads\/2025\/02\/Thumper-9x12.jpg 9w\" sizes=\"(max-width: 308px) 100vw, 308px\" \/>\t\t\t\t\t\t\t\t\t\t\t\t\t\t\t<\/div>\n\t\t\t\t<\/div>\n\t\t\t\t\t<\/div>\n\t\t\t\t<\/div>\n\t\t<div class=\"elementor-element elementor-element-580ab96 e-flex e-con-boxed e-con e-child\" data-id=\"580ab96\" data-element_type=\"container\" data-e-type=\"container\">\n\t\t\t\t\t<div class=\"e-con-inner\">\n\t\t\t\t<div class=\"elementor-element elementor-element-25f7faa elementor-widget elementor-widget-text-editor\" data-id=\"25f7faa\" data-element_type=\"widget\" data-e-type=\"widget\" data-widget_type=\"text-editor.default\">\n\t\t\t\t<div class=\"elementor-widget-container\">\n\t\t\t\t\t\t\t\t\t<div class=\"elementToProof\"><ul><li class=\"elementToProof\">Born: 8.2.2023<\/li><li class=\"elementToProof\">Registration number: WALA00088945<\/li><li class=\"elementToProof\">Dam: Arrowhead Tomahawk \u201dTommie\u201d (WALA00067520)<\/li><li class=\"elementToProof\">Sire: Monarch Drop the Hammer Thor (WALA00075645)<\/li><li class=\"elementToProof\">Koko: mini (40 cm ja 9 kg)<\/li><li class=\"elementToProof\">Fur: wavy fleece<\/li><li class=\"elementToProof\">Color: red with white markings<\/li><li class=\"elementToProof\">Health results:\u00a0<br \/><strong>Hips:<\/strong> OFA good<br \/><strong>Elbows:<\/strong> normal<br \/><strong>Knees:<\/strong> normal<br \/><strong>Eyes:<\/strong> normal<\/li><\/ul><\/div>\t\t\t\t\t\t\t\t<\/div>\n\t\t\t\t<\/div>\n\t\t\t\t\t<\/div>\n\t\t\t\t<\/div>\n\t\t\t\t\t<\/div>\n\t\t\t\t<\/div>\n\t\t\t\t\t<\/div>\n\t\t\t\t<\/div>\n\t\t\t\t\t<\/div>\n\t\t\t\t<\/div>\n\t\t<div class=\"elementor-element elementor-element-c9dabfe e-flex e-con-boxed e-con e-parent\" data-id=\"c9dabfe\" data-element_type=\"container\" data-e-type=\"container\">\n\t\t\t\t\t<div class=\"e-con-inner\">\n\t\t<div class=\"elementor-element elementor-element-192966a e-flex e-con-boxed e-con e-child\" data-id=\"192966a\" data-element_type=\"container\" data-e-type=\"container\">\n\t\t\t\t\t<div class=\"e-con-inner\">\n\t\t\t\t<div class=\"elementor-element elementor-element-4a83ce4 elementor-widget elementor-widget-heading\" data-id=\"4a83ce4\" data-element_type=\"widget\" data-e-type=\"widget\" data-widget_type=\"heading.default\">\n\t\t\t\t<div class=\"elementor-widget-container\">\n\t\t\t\t\t<h2 class=\"elementor-heading-title elementor-size-default\">Fairytale Lane Simba at Miracle &amp; Sweet\u00b4n Soft<\/h2>\t\t\t\t<\/div>\n\t\t\t\t<\/div>\n\t\t\t\t<div class=\"elementor-element elementor-element-8669cf0 elementor-widget-divider--view-line elementor-widget elementor-widget-divider\" data-id=\"8669cf0\" data-element_type=\"widget\" data-e-type=\"widget\" data-widget_type=\"divider.default\">\n\t\t\t\t<div class=\"elementor-widget-container\">\n\t\t\t\t\t\t\t<div class=\"elementor-divider\">\n\t\t\t<span class=\"elementor-divider-separator\">\n\t\t\t\t\t\t<\/span>\n\t\t<\/div>\n\t\t\t\t\t\t<\/div>\n\t\t\t\t<\/div>\n\t\t<div class=\"elementor-element elementor-element-5aff49b e-flex e-con-boxed e-con e-child\" data-id=\"5aff49b\" data-element_type=\"container\" data-e-type=\"container\">\n\t\t\t\t\t<div class=\"e-con-inner\">\n\t\t<div class=\"elementor-element elementor-element-56f6728 e-flex e-con-boxed e-con e-child\" data-id=\"56f6728\" data-element_type=\"container\" data-e-type=\"container\">\n\t\t\t\t\t<div class=\"e-con-inner\">\n\t\t\t\t<div class=\"elementor-element elementor-element-11ddb8b elementor-widget elementor-widget-text-editor\" data-id=\"11ddb8b\" data-element_type=\"widget\" data-e-type=\"widget\" data-widget_type=\"text-editor.default\">\n\t\t\t\t<div class=\"elementor-widget-container\">\n\t\t\t\t\t\t\t\t\t<p>Simba is a breeding male imported from the USA, in cooperation with Sweet'n Soft ALD. Simba is a brave little man who works as a training and rehabilitation dog with young people in aftercare. Simba's nature is balanced, calm, loving and playful. Simba charms everyone wherever he goes!<\/p>\t\t\t\t\t\t\t\t<\/div>\n\t\t\t\t<\/div>\n\t\t\t\t<div class=\"elementor-element elementor-element-7983b50 elementor-widget elementor-widget-image\" data-id=\"7983b50\" data-element_type=\"widget\" data-e-type=\"widget\" data-widget_type=\"image.default\">\n\t\t\t\t<div class=\"elementor-widget-container\">\n\t\t\t\t\t\t\t\t\t\t\t\t\t\t\t<img decoding=\"async\" width=\"681\" height=\"1024\" src=\"https:\/\/miracleald.com\/wp-content\/uploads\/2025\/05\/Simba-kirsikkapuisto-681x1024.jpg\" class=\"attachment-large size-large wp-image-1928\" alt=\"\" srcset=\"https:\/\/miracleald.com\/wp-content\/uploads\/2025\/05\/Simba-kirsikkapuisto-681x1024.jpg 681w, https:\/\/miracleald.com\/wp-content\/uploads\/2025\/05\/Simba-kirsikkapuisto-200x300.jpg 200w, https:\/\/miracleald.com\/wp-content\/uploads\/2025\/05\/Simba-kirsikkapuisto-768x1155.jpg 768w, https:\/\/miracleald.com\/wp-content\/uploads\/2025\/05\/Simba-kirsikkapuisto-1022x1536.jpg 1022w, https:\/\/miracleald.com\/wp-content\/uploads\/2025\/05\/Simba-kirsikkapuisto-1362x2048.jpg 1362w, https:\/\/miracleald.com\/wp-content\/uploads\/2025\/05\/Simba-kirsikkapuisto-8x12.jpg 8w, https:\/\/miracleald.com\/wp-content\/uploads\/2025\/05\/Simba-kirsikkapuisto-scaled.jpg 1703w\" sizes=\"(max-width: 681px) 100vw, 681px\" \/>\t\t\t\t\t\t\t\t\t\t\t\t\t\t\t<\/div>\n\t\t\t\t<\/div>\n\t\t\t\t\t<\/div>\n\t\t\t\t<\/div>\n\t\t<div class=\"elementor-element elementor-element-1dcbdbf e-flex e-con-boxed e-con e-child\" data-id=\"1dcbdbf\" data-element_type=\"container\" data-e-type=\"container\">\n\t\t\t\t\t<div class=\"e-con-inner\">\n\t\t\t\t<div class=\"elementor-element elementor-element-278b491 elementor-widget elementor-widget-text-editor\" data-id=\"278b491\" data-element_type=\"widget\" data-e-type=\"widget\" data-widget_type=\"text-editor.default\">\n\t\t\t\t<div class=\"elementor-widget-container\">\n\t\t\t\t\t\t\t\t\t<div><ul><li>Born: 12.8.2024<\/li><li>Registration number: WALA00110142<\/li><li>Dam: Fairytale Lane Radish Ruby (WALA00023576)<\/li><li>Sire: Fairytale Lane Jive (WALA00087999)<\/li><li>Koko: pieni medium (45 cm ja 11 kg)<\/li><li>Fur: wavy fleece<\/li><li>Color: red<\/li><li>Health results:<div><span style=\"font-weight: bold;\">Hips:<\/span>\u00a0OFA excellent<\/div><div><span style=\"font-weight: bold;\">Elbows:<\/span>\u00a0normal<\/div><div><span style=\"font-weight: bold;\">Knees:<\/span>\u00a0normal<\/div><div><span style=\"font-weight: bold;\">Eyes:\u00a0<\/span>normal<\/div><div><span style=\"font-weight: bold;\">Selk\u00e4:<\/span>\u00a0normal<\/div><\/li><\/ul><\/div>\t\t\t\t\t\t\t\t<\/div>\n\t\t\t\t<\/div>\n\t\t\t\t\t<\/div>\n\t\t\t\t<\/div>\n\t\t\t\t\t<\/div>\n\t\t\t\t<\/div>\n\t\t\t\t\t<\/div>\n\t\t\t\t<\/div>\n\t\t\t\t\t<\/div>\n\t\t\t\t<\/div>\n\t\t<div class=\"elementor-element elementor-element-7541377 e-flex e-con-boxed e-con e-parent\" data-id=\"7541377\" data-element_type=\"container\" data-e-type=\"container\">\n\t\t\t\t\t<div class=\"e-con-inner\">\n\t\t<div class=\"elementor-element elementor-element-a77574c e-flex e-con-boxed e-con e-child\" data-id=\"a77574c\" data-element_type=\"container\" data-e-type=\"container\">\n\t\t\t\t\t<div class=\"e-con-inner\">\n\t\t\t\t<div class=\"elementor-element elementor-element-fd0b3b2 elementor-widget elementor-widget-heading\" data-id=\"fd0b3b2\" data-element_type=\"widget\" data-e-type=\"widget\" data-widget_type=\"heading.default\">\n\t\t\t\t<div class=\"elementor-widget-container\">\n\t\t\t\t\t<h2 class=\"elementor-heading-title elementor-size-default\">Miracle Adorable Paavo<\/h2>\t\t\t\t<\/div>\n\t\t\t\t<\/div>\n\t\t\t\t<div class=\"elementor-element elementor-element-fcc86bc elementor-widget-divider--view-line elementor-widget elementor-widget-divider\" data-id=\"fcc86bc\" data-element_type=\"widget\" data-e-type=\"widget\" data-widget_type=\"divider.default\">\n\t\t\t\t<div class=\"elementor-widget-container\">\n\t\t\t\t\t\t\t<div class=\"elementor-divider\">\n\t\t\t<span class=\"elementor-divider-separator\">\n\t\t\t\t\t\t<\/span>\n\t\t<\/div>\n\t\t\t\t\t\t<\/div>\n\t\t\t\t<\/div>\n\t\t<div class=\"elementor-element elementor-element-75bbf5f e-flex e-con-boxed e-con e-child\" data-id=\"75bbf5f\" data-element_type=\"container\" data-e-type=\"container\">\n\t\t\t\t\t<div class=\"e-con-inner\">\n\t\t<div class=\"elementor-element elementor-element-96611b1 e-flex e-con-boxed e-con e-child\" data-id=\"96611b1\" data-element_type=\"container\" data-e-type=\"container\">\n\t\t\t\t\t<div class=\"e-con-inner\">\n\t\t\t\t<div class=\"elementor-element elementor-element-2773a11 elementor-widget elementor-widget-text-editor\" data-id=\"2773a11\" data-element_type=\"widget\" data-e-type=\"widget\" data-widget_type=\"text-editor.default\">\n\t\t\t\t<div class=\"elementor-widget-container\">\n\t\t\t\t\t\t\t\t\t<p>Handsome SpongeBob loves all dogs and people. Paavo is brave and energetic and likes to be involved in everything. Spongebob's closeness and cuddles are wonderful, but he also knows how to keep himself company when necessary. The best thing about SpongeBob is playing and running with other dogs.\u00a0<\/p>\t\t\t\t\t\t\t\t<\/div>\n\t\t\t\t<\/div>\n\t\t\t\t<div class=\"elementor-element elementor-element-01d4092 elementor-widget elementor-widget-image\" data-id=\"01d4092\" data-element_type=\"widget\" data-e-type=\"widget\" data-widget_type=\"image.default\">\n\t\t\t\t<div class=\"elementor-widget-container\">\n\t\t\t\t\t\t\t\t\t\t\t\t\t\t\t<img decoding=\"async\" width=\"681\" height=\"1024\" src=\"https:\/\/miracleald.com\/wp-content\/uploads\/2025\/05\/Paavo-kirsikkapuisto-681x1024.jpg\" class=\"attachment-large size-large wp-image-1929\" alt=\"\" srcset=\"https:\/\/miracleald.com\/wp-content\/uploads\/2025\/05\/Paavo-kirsikkapuisto-681x1024.jpg 681w, https:\/\/miracleald.com\/wp-content\/uploads\/2025\/05\/Paavo-kirsikkapuisto-200x300.jpg 200w, https:\/\/miracleald.com\/wp-content\/uploads\/2025\/05\/Paavo-kirsikkapuisto-768x1154.jpg 768w, https:\/\/miracleald.com\/wp-content\/uploads\/2025\/05\/Paavo-kirsikkapuisto-1022x1536.jpg 1022w, https:\/\/miracleald.com\/wp-content\/uploads\/2025\/05\/Paavo-kirsikkapuisto-1363x2048.jpg 1363w, https:\/\/miracleald.com\/wp-content\/uploads\/2025\/05\/Paavo-kirsikkapuisto-8x12.jpg 8w, https:\/\/miracleald.com\/wp-content\/uploads\/2025\/05\/Paavo-kirsikkapuisto-scaled.jpg 1703w\" sizes=\"(max-width: 681px) 100vw, 681px\" \/>\t\t\t\t\t\t\t\t\t\t\t\t\t\t\t<\/div>\n\t\t\t\t<\/div>\n\t\t\t\t\t<\/div>\n\t\t\t\t<\/div>\n\t\t<div class=\"elementor-element elementor-element-479a77a e-flex e-con-boxed e-con e-child\" data-id=\"479a77a\" data-element_type=\"container\" data-e-type=\"container\">\n\t\t\t\t\t<div class=\"e-con-inner\">\n\t\t\t\t<div class=\"elementor-element elementor-element-e0d61fc elementor-widget elementor-widget-text-editor\" data-id=\"e0d61fc\" data-element_type=\"widget\" data-e-type=\"widget\" data-widget_type=\"text-editor.default\">\n\t\t\t\t<div class=\"elementor-widget-container\">\n\t\t\t\t\t\t\t\t\t<ul><li>Born: 22.9.2024<\/li><li>Registration number: WALA00110296<\/li><li>Em\u00e4: DoodleBabys Saffron (WALA00089686)<\/li><li>Sire: Braskas Unstoppable Ressu (WALA00093594)<\/li><li>Koko: mini (40 cm ja 10 kg)<\/li><li>Fur: wavy fleece<\/li><li>Color: red with white markings<\/li><li>Health results:<div><span style=\"font-weight: bold;\">Hips:<\/span>\u00a0OFA fair<\/div><div><span style=\"font-weight: bold;\">Elbows:<\/span>\u00a0normal<\/div><div><span style=\"font-weight: bold;\">Knees:<\/span>\u00a0normal<\/div><div><span style=\"font-weight: bold;\">Eyes:\u00a0<\/span>normal<\/div><div><span style=\"font-weight: bold;\">Selk\u00e4:<\/span>\u00a0normal<\/div><\/li><\/ul>\t\t\t\t\t\t\t\t<\/div>\n\t\t\t\t<\/div>\n\t\t\t\t\t<\/div>\n\t\t\t\t<\/div>\n\t\t\t\t\t<\/div>\n\t\t\t\t<\/div>\n\t\t\t\t\t<\/div>\n\t\t\t\t<\/div>\n\t\t\t\t\t<\/div>\n\t\t\t\t<\/div>\n\t\t<div class=\"elementor-element elementor-element-94bc852 e-flex e-con-boxed e-con e-parent\" data-id=\"94bc852\" data-element_type=\"container\" data-e-type=\"container\">\n\t\t\t\t\t<div class=\"e-con-inner\">\n\t\t<div class=\"elementor-element elementor-element-d334ba4 e-flex e-con-boxed e-con e-child\" data-id=\"d334ba4\" data-element_type=\"container\" data-e-type=\"container\">\n\t\t\t\t\t<div class=\"e-con-inner\">\n\t\t\t\t<div class=\"elementor-element elementor-element-e38371d elementor-widget elementor-widget-heading\" data-id=\"e38371d\" data-element_type=\"widget\" data-e-type=\"widget\" data-widget_type=\"heading.default\">\n\t\t\t\t<div class=\"elementor-widget-container\">\n\t\t\t\t\t<h2 class=\"elementor-heading-title elementor-size-default\">Arrowhead Casper (Sulo)<\/h2>\t\t\t\t<\/div>\n\t\t\t\t<\/div>\n\t\t\t\t<div class=\"elementor-element elementor-element-3489e35 elementor-widget-divider--view-line elementor-widget elementor-widget-divider\" data-id=\"3489e35\" data-element_type=\"widget\" data-e-type=\"widget\" data-widget_type=\"divider.default\">\n\t\t\t\t<div class=\"elementor-widget-container\">\n\t\t\t\t\t\t\t<div class=\"elementor-divider\">\n\t\t\t<span class=\"elementor-divider-separator\">\n\t\t\t\t\t\t<\/span>\n\t\t<\/div>\n\t\t\t\t\t\t<\/div>\n\t\t\t\t<\/div>\n\t\t<div class=\"elementor-element elementor-element-ac95e0a e-flex e-con-boxed e-con e-child\" data-id=\"ac95e0a\" data-element_type=\"container\" data-e-type=\"container\">\n\t\t\t\t\t<div class=\"e-con-inner\">\n\t\t<div class=\"elementor-element elementor-element-2272b4f e-flex e-con-boxed e-con e-child\" data-id=\"2272b4f\" data-element_type=\"container\" data-e-type=\"container\">\n\t\t\t\t\t<div class=\"e-con-inner\">\n\t\t\t\t<div class=\"elementor-element elementor-element-692b969 elementor-widget elementor-widget-text-editor\" data-id=\"692b969\" data-element_type=\"widget\" data-e-type=\"widget\" data-widget_type=\"text-editor.default\">\n\t\t\t\t<div class=\"elementor-widget-container\">\n\t\t\t\t\t\t\t\t\t<p><img loading=\"lazy\" decoding=\"async\" class=\"alignnone size-medium wp-image-2036\" src=\"https:\/\/miracleald.com\/wp-content\/uploads\/2026\/01\/Sulo-1-225x300.jpg\" alt=\"\" width=\"225\" height=\"300\" srcset=\"https:\/\/miracleald.com\/wp-content\/uploads\/2026\/01\/Sulo-1-225x300.jpg 225w, https:\/\/miracleald.com\/wp-content\/uploads\/2026\/01\/Sulo-1-767x1024.jpg 767w, https:\/\/miracleald.com\/wp-content\/uploads\/2026\/01\/Sulo-1-768x1025.jpg 768w, https:\/\/miracleald.com\/wp-content\/uploads\/2026\/01\/Sulo-1-1151x1536.jpg 1151w, https:\/\/miracleald.com\/wp-content\/uploads\/2026\/01\/Sulo-1-9x12.jpg 9w, https:\/\/miracleald.com\/wp-content\/uploads\/2026\/01\/Sulo-1.jpg 1199w\" sizes=\"(max-width: 225px) 100vw, 225px\" \/>\u00a0 \u00a0<\/p><p>Sulo on valloittava tapaus, jolla on hyvin avoin ja sosiaalinen luonne. Sulo nauttii kovasti kaikenlaisesta yhdess\u00e4 tekemisest\u00e4 ja on aina valmiina l\u00e4htem\u00e4\u00e4n mukaan uusiin puuhiin tai seikkailuihin.<\/p><p>Sulossa yhdistyv\u00e4t ihanasti kaksi erilaista puolta: h\u00e4n on leikkis\u00e4 ja hauska kaveri, mutta samalla my\u00f6s rauhallinen ja tasapainoinen. Sulon lempiasioita ovat rapsutukset, mets\u00e4lenkit sek\u00e4 uusien temppujen opettelu.<\/p>\t\t\t\t\t\t\t\t<\/div>\n\t\t\t\t<\/div>\n\t\t\t\t\t<\/div>\n\t\t\t\t<\/div>\n\t\t<div class=\"elementor-element elementor-element-8cb920a e-flex e-con-boxed e-con e-child\" data-id=\"8cb920a\" data-element_type=\"container\" data-e-type=\"container\">\n\t\t\t\t\t<div class=\"e-con-inner\">\n\t\t\t\t<div class=\"elementor-element elementor-element-86d4603 elementor-widget elementor-widget-text-editor\" data-id=\"86d4603\" data-element_type=\"widget\" data-e-type=\"widget\" data-widget_type=\"text-editor.default\">\n\t\t\t\t<div class=\"elementor-widget-container\">\n\t\t\t\t\t\t\t\t\t<ul><li>Syntynyt: 20.1.2025<\/li><li>Rekisterinumero: WALA00113611<\/li><li>Em\u00e4: Arrowhead Rhettie Set Pour (WALA00083520)<\/li><li>Is\u00e4: South Florida Moo Moo (WALA00014924)<\/li><li>Koko: mini (39 cm ja 8 kg)<\/li><li>Fur: wavy fleece<\/li><li>V\u00e4ri: caramel<\/li><li>Health results:<div><span style=\"font-weight: bold;\">Hips:<\/span> OFA excellent<\/div><div><span style=\"font-weight: bold;\">Elbows:<\/span> normaalit<\/div><div><span style=\"font-weight: bold;\">Knees:<\/span> normaalit<\/div><div><span style=\"font-weight: bold;\">Eyes: <\/span>normaalit<\/div><p><strong>Selk\u00e4:<\/strong> normal<\/p><\/li><\/ul>\t\t\t\t\t\t\t\t<\/div>\n\t\t\t\t<\/div>\n\t\t\t\t\t<\/div>\n\t\t\t\t<\/div>\n\t\t\t\t\t<\/div>\n\t\t\t\t<\/div>\n\t\t\t\t\t<\/div>\n\t\t\t\t<\/div>\n\t\t\t\t\t<\/div>\n\t\t\t\t<\/div>\n\t\t\t\t<\/div>","protected":false},"excerpt":{"rendered":"<p>Miracle australianlabradoodle Where real miracles are made Pojat KATSO TYT\u00d6T Arrowhead Jump On It Thumper Tuukka on Usa:sta, yhteisty\u00f6ss\u00e4 La Isla\u00b4s ALD:n kanssa, tuotu jalostusuros.\u00a0Tuukka on j\u00e4tt\u00e4nyt upeita j\u00e4lkel\u00e4isi\u00e4 USA:ssa ja on nyt saatavilla jalostusk\u00e4ytt\u00f6\u00f6n my\u00f6s Suomessa. Jos olet kiinnostunut Tuukan jalostusk\u00e4yt\u00f6st\u00e4, otathan yhteytt\u00e4 mira@miracleald.comTuukka on super komea ja suloinen poika \u2764\ufe0f H\u00e4n on todella [&hellip;]<\/p>\n","protected":false},"author":1,"featured_media":0,"parent":0,"menu_order":0,"comment_status":"closed","ping_status":"closed","template":"","meta":{"site-sidebar-layout":"no-sidebar","site-content-layout":"page-builder","ast-site-content-layout":"full-width-container","site-content-style":"unboxed","site-sidebar-style":"unboxed","ast-global-header-display":"","ast-banner-title-visibility":"","ast-main-header-display":"","ast-hfb-above-header-display":"","ast-hfb-below-header-display":"","ast-hfb-mobile-header-display":"","site-post-title":"disabled","ast-breadcrumbs-content":"","ast-featured-img":"disabled","footer-sml-layout":"","ast-disable-related-posts":"","theme-transparent-header-meta":"enabled","adv-header-id-meta":"","stick-header-meta":"","header-above-stick-meta":"","header-main-stick-meta":"","header-below-stick-meta":"","astra-migrate-meta-layouts":"set","ast-page-background-enabled":"default","ast-page-background-meta":{"desktop":{"background-color":"var(--ast-global-color-4)","background-image":"","background-repeat":"repeat","background-position":"center center","background-size":"auto","background-attachment":"scroll","background-type":"","background-media":"","overlay-type":"","overlay-color":"","overlay-opacity":"","overlay-gradient":""},"tablet":{"background-color":"","background-image":"","background-repeat":"repeat","background-position":"center center","background-size":"auto","background-attachment":"scroll","background-type":"","background-media":"","overlay-type":"","overlay-color":"","overlay-opacity":"","overlay-gradient":""},"mobile":{"background-color":"","background-image":"","background-repeat":"repeat","background-position":"center center","background-size":"auto","background-attachment":"scroll","background-type":"","background-media":"","overlay-type":"","overlay-color":"","overlay-opacity":"","overlay-gradient":""}},"ast-content-background-meta":{"desktop":{"background-color":"var(--ast-global-color-5)","background-image":"","background-repeat":"repeat","background-position":"center center","background-size":"auto","background-attachment":"scroll","background-type":"","background-media":"","overlay-type":"","overlay-color":"","overlay-opacity":"","overlay-gradient":""},"tablet":{"background-color":"var(--ast-global-color-5)","background-image":"","background-repeat":"repeat","background-position":"center center","background-size":"auto","background-attachment":"scroll","background-type":"","background-media":"","overlay-type":"","overlay-color":"","overlay-opacity":"","overlay-gradient":""},"mobile":{"background-color":"var(--ast-global-color-5)","background-image":"","background-repeat":"repeat","background-position":"center center","background-size":"auto","background-attachment":"scroll","background-type":"","background-media":"","overlay-type":"","overlay-color":"","overlay-opacity":"","overlay-gradient":""}},"footnotes":""},"class_list":["post-2134","page","type-page","status-publish","hentry"],"_links":{"self":[{"href":"https:\/\/miracleald.com\/en\/wp-json\/wp\/v2\/pages\/2134","targetHints":{"allow":["GET"]}}],"collection":[{"href":"https:\/\/miracleald.com\/en\/wp-json\/wp\/v2\/pages"}],"about":[{"href":"https:\/\/miracleald.com\/en\/wp-json\/wp\/v2\/types\/page"}],"author":[{"embeddable":true,"href":"https:\/\/miracleald.com\/en\/wp-json\/wp\/v2\/users\/1"}],"replies":[{"embeddable":true,"href":"https:\/\/miracleald.com\/en\/wp-json\/wp\/v2\/comments?post=2134"}],"version-history":[{"count":13,"href":"https:\/\/miracleald.com\/en\/wp-json\/wp\/v2\/pages\/2134\/revisions"}],"predecessor-version":[{"id":2170,"href":"https:\/\/miracleald.com\/en\/wp-json\/wp\/v2\/pages\/2134\/revisions\/2170"}],"wp:attachment":[{"href":"https:\/\/miracleald.com\/en\/wp-json\/wp\/v2\/media?parent=2134"}],"curies":[{"name":"wp","href":"https:\/\/api.w.org\/{rel}","templated":true}]}}