{"id":1678,"date":"2024-02-26T08:46:11","date_gmt":"2024-02-26T08:46:11","guid":{"rendered":"https:\/\/miracleald.com\/?page_id=1678"},"modified":"2026-04-28T18:29:17","modified_gmt":"2026-04-28T18:29:17","slug":"pentu-meilta","status":"publish","type":"page","link":"https:\/\/miracleald.com\/en\/pentu-meilta\/","title":{"rendered":"A puppy from us"},"content":{"rendered":"<div data-elementor-type=\"wp-page\" data-elementor-id=\"1678\" class=\"elementor elementor-1678\" data-elementor-post-type=\"page\">\n\t\t\t\t<div class=\"elementor-element elementor-element-c77f5bd e-flex e-con-boxed e-con e-parent\" data-id=\"c77f5bd\" data-element_type=\"container\" data-e-type=\"container\" data-settings=\"{&quot;background_background&quot;:&quot;classic&quot;}\">\n\t\t\t\t\t<div class=\"e-con-inner\">\n\t\t<div class=\"elementor-element elementor-element-6a29f44e e-flex e-con-boxed e-con e-child\" data-id=\"6a29f44e\" data-element_type=\"container\" data-e-type=\"container\">\n\t\t\t\t\t<div class=\"e-con-inner\">\n\t\t\t\t<div class=\"elementor-element elementor-element-2446f622 elementor-widget elementor-widget-heading\" data-id=\"2446f622\" data-element_type=\"widget\" data-e-type=\"widget\" data-widget_type=\"heading.default\">\n\t\t\t\t<div class=\"elementor-widget-container\">\n\t\t\t\t\t<h1 class=\"elementor-heading-title elementor-size-default\">Miracle australianlabradoodle<span style=\"font-size: medium;letter-spacing: normal;text-align: start\"><\/span><\/h1>\t\t\t\t<\/div>\n\t\t\t\t<\/div>\n\t\t\t\t<div class=\"elementor-element elementor-element-4bab8874 elementor-widget elementor-widget-heading\" data-id=\"4bab8874\" data-element_type=\"widget\" data-e-type=\"widget\" data-widget_type=\"heading.default\">\n\t\t\t\t<div class=\"elementor-widget-container\">\n\t\t\t\t\t<h1 class=\"elementor-heading-title elementor-size-default\">Where real miracles are made<\/h1>\t\t\t\t<\/div>\n\t\t\t\t<\/div>\n\t\t\t\t\t<\/div>\n\t\t\t\t<\/div>\n\t\t\t\t\t<\/div>\n\t\t\t\t<\/div>\n\t\t<div class=\"elementor-element elementor-element-96bd614 e-flex e-con-boxed e-con e-parent\" data-id=\"96bd614\" data-element_type=\"container\" data-e-type=\"container\">\n\t\t\t\t\t<div class=\"e-con-inner\">\n\t\t<div class=\"elementor-element elementor-element-f6f7e27 e-flex e-con-boxed e-con e-child\" data-id=\"f6f7e27\" data-element_type=\"container\" data-e-type=\"container\">\n\t\t\t\t\t<div class=\"e-con-inner\">\n\t\t\t\t<div class=\"elementor-element elementor-element-d16f5b6 elementor-widget elementor-widget-heading\" data-id=\"d16f5b6\" data-element_type=\"widget\" data-e-type=\"widget\" data-widget_type=\"heading.default\">\n\t\t\t\t<div class=\"elementor-widget-container\">\n\t\t\t\t\t<h2 class=\"elementor-heading-title elementor-size-default\">A puppy from us<\/h2>\t\t\t\t<\/div>\n\t\t\t\t<\/div>\n\t\t\t\t<div class=\"elementor-element elementor-element-49160ad elementor-widget-divider--view-line elementor-widget elementor-widget-divider\" data-id=\"49160ad\" data-element_type=\"widget\" data-e-type=\"widget\" data-widget_type=\"divider.default\">\n\t\t\t\t<div class=\"elementor-widget-container\">\n\t\t\t\t\t\t\t<div class=\"elementor-divider\">\n\t\t\t<span class=\"elementor-divider-separator\">\n\t\t\t\t\t\t<\/span>\n\t\t<\/div>\n\t\t\t\t\t\t<\/div>\n\t\t\t\t<\/div>\n\t\t<div class=\"elementor-element elementor-element-9af1cf0 e-flex e-con-boxed e-con e-child\" data-id=\"9af1cf0\" data-element_type=\"container\" data-e-type=\"container\">\n\t\t\t\t\t<div class=\"e-con-inner\">\n\t\t<div class=\"elementor-element elementor-element-7d59ff5 e-flex e-con-boxed e-con e-child\" data-id=\"7d59ff5\" data-element_type=\"container\" data-e-type=\"container\">\n\t\t\t\t\t<div class=\"e-con-inner\">\n\t\t\t\t<div class=\"elementor-element elementor-element-b000873 elementor-widget elementor-widget-text-editor\" data-id=\"b000873\" data-element_type=\"widget\" data-e-type=\"widget\" data-widget_type=\"text-editor.default\">\n\t\t\t\t<div class=\"elementor-widget-container\">\n\t\t\t\t\t\t\t\t\t<ul><li>Puppies are born in our home in Helsinki and live in the middle of a normal family life, where they get the necessary stimulation<\/li><li>Puppies are raised according to the <a href=\"https:\/\/shoppuppyculture.com\/pages\/about-puppy-culture\" target=\"_blank\" rel=\"noopener\">Puppy Culture<\/a> -method<\/li><li>We are committed to breeding Australian Labradoodles that meet the requirements of the international breed association WALA<\/li><li>All our breeding dogs are health-tested, conform to the breed definition and are good-natured representatives of their breed<\/li><li>Pennut ovat madotettuja, sirutettuja,\u00a0 terveystarkastettuja ja rekister\u00f6ityj\u00e4<\/li><li>Olemme tukenanne koiran koko el\u00e4m\u00e4n ajan ja autamme kaikissa koiran el\u00e4m\u00e4\u00e4n liittyviss\u00e4 asioissa<\/li><\/ul>\t\t\t\t\t\t\t\t<\/div>\n\t\t\t\t<\/div>\n\t\t\t\t<div class=\"elementor-element elementor-element-c695dd9 elementor-widget elementor-widget-heading\" data-id=\"c695dd9\" data-element_type=\"widget\" data-e-type=\"widget\" data-widget_type=\"heading.default\">\n\t\t\t\t<div class=\"elementor-widget-container\">\n\t\t\t\t\t<h2 class=\"elementor-heading-title elementor-size-default\">Our puppy package includes<\/h2>\t\t\t\t<\/div>\n\t\t\t\t<\/div>\n\t\t\t\t<div class=\"elementor-element elementor-element-1c6d3cd elementor-widget elementor-widget-text-editor\" data-id=\"1c6d3cd\" data-element_type=\"widget\" data-e-type=\"widget\" data-widget_type=\"text-editor.default\">\n\t\t\t\t<div class=\"elementor-widget-container\">\n\t\t\t\t\t\t\t\t\t<ul><li>High-quality puppy care and education<\/li><li>Runsaasti sosiaalistamista<\/li><li>Pennun luonnetestaus<\/li><li>Food suitable for a puppy<\/li><li>Toy<\/li><li>Sleeping mat with the scent of the dam<\/li><li>Harness and leash<\/li><li>2-year health guarantee for genetic diseases<\/li><li>Puppy care guide<\/li><li>Microchip<\/li><li>Breed association's fur care guide<\/li><li>Membership to the breed association for the first year<\/li><li>Onnellinen pentu -verkkokoulutus. Pennun ensimm\u00e4iset viikot ja kuukaudet ovat korvaamattoman t\u00e4rkeit\u00e4 oppimisen kannalta. Kurssin avulla kasvatat pentusi suorinta reitti\u00e4 hyvinvoivaksi ja tasapainoiseksi aikuiseksi. Kurssi auttaa valmistautumaan pennun kotiutumiseen ja antaa tukea pennun kanssa toimimiseen. <b>\u00a0<\/b> \u00a0<\/li><li>Vaihtoehtoisesti Onnellinen pentu -verkkokoulutuksen sijaan voi valita koiran terveystutkimuksista 200 \u20ac hyvityksen.<\/li><\/ul>\t\t\t\t\t\t\t\t<\/div>\n\t\t\t\t<\/div>\n\t\t\t\t<div class=\"elementor-element elementor-element-e3382f4 elementor-widget elementor-widget-text-editor\" data-id=\"e3382f4\" data-element_type=\"widget\" data-e-type=\"widget\" data-widget_type=\"text-editor.default\">\n\t\t\t\t<div class=\"elementor-widget-container\">\n\t\t\t\t\t\t\t\t\t<p>Myymme pennut leikkausehdolla tai jalostuskieltosopimuksella. Leikkausehdolla myyt\u00e4ess\u00e4 korvaamme leikkauksesta 350 \u20ac. Jalostuskieltosopimuksella myyt\u00e4v\u00e4n koiran terveystutkimuksista (mm. lonkat, polvet, selk\u00e4 ja&nbsp; kyyn\u00e4r\u00e4t) korvataan 350 \u20ac.&nbsp;<\/p>\t\t\t\t\t\t\t\t<\/div>\n\t\t\t\t<\/div>\n\t\t\t\t<div class=\"elementor-element elementor-element-fd69824 elementor-widget elementor-widget-heading\" data-id=\"fd69824\" data-element_type=\"widget\" data-e-type=\"widget\" data-widget_type=\"heading.default\">\n\t\t\t\t<div class=\"elementor-widget-container\">\n\t\t\t\t\t<h2 class=\"elementor-heading-title elementor-size-default\">The price of the puppy is 4000 euros<\/h2>\t\t\t\t<\/div>\n\t\t\t\t<\/div>\n\t\t\t\t<div class=\"elementor-element elementor-element-722facc elementor-widget elementor-widget-text-editor\" data-id=\"722facc\" data-element_type=\"widget\" data-e-type=\"widget\" data-widget_type=\"text-editor.default\">\n\t\t\t\t<div class=\"elementor-widget-container\">\n\t\t\t\t\t\t\t\t\t<p>Hinta sis\u00e4lt\u00e4\u00e4 alv 25,5%<\/p>\t\t\t\t\t\t\t\t<\/div>\n\t\t\t\t<\/div>\n\t\t\t\t\t<\/div>\n\t\t\t\t<\/div>\n\t\t<div class=\"elementor-element elementor-element-ab4f87b e-flex e-con-boxed e-con e-child\" data-id=\"ab4f87b\" data-element_type=\"container\" data-e-type=\"container\">\n\t\t\t\t\t<div class=\"e-con-inner\">\n\t\t\t\t<div class=\"elementor-element elementor-element-f38097b elementor-widget elementor-widget-image\" data-id=\"f38097b\" data-element_type=\"widget\" data-e-type=\"widget\" data-widget_type=\"image.default\">\n\t\t\t\t<div class=\"elementor-widget-container\">\n\t\t\t\t\t\t\t\t\t\t\t\t\t\t\t<img fetchpriority=\"high\" decoding=\"async\" width=\"854\" height=\"1024\" src=\"https:\/\/miracleald.com\/wp-content\/uploads\/2025\/06\/Miracle-Australian-Labradoodle-All-Star-854x1024.png\" class=\"attachment-large size-large wp-image-1969\" alt=\"\" srcset=\"https:\/\/miracleald.com\/wp-content\/uploads\/2025\/06\/Miracle-Australian-Labradoodle-All-Star-854x1024.png 854w, https:\/\/miracleald.com\/wp-content\/uploads\/2025\/06\/Miracle-Australian-Labradoodle-All-Star-250x300.png 250w, https:\/\/miracleald.com\/wp-content\/uploads\/2025\/06\/Miracle-Australian-Labradoodle-All-Star-768x921.png 768w, https:\/\/miracleald.com\/wp-content\/uploads\/2025\/06\/Miracle-Australian-Labradoodle-All-Star-10x12.png 10w, https:\/\/miracleald.com\/wp-content\/uploads\/2025\/06\/Miracle-Australian-Labradoodle-All-Star.png 887w\" sizes=\"(max-width: 854px) 100vw, 854px\" \/>\t\t\t\t\t\t\t\t\t\t\t\t\t\t\t<\/div>\n\t\t\t\t<\/div>\n\t\t\t\t<div class=\"elementor-element elementor-element-143be86 elementor-widget elementor-widget-text-editor\" data-id=\"143be86\" data-element_type=\"widget\" data-e-type=\"widget\" data-widget_type=\"text-editor.default\">\n\t\t\t\t<div class=\"elementor-widget-container\">\n\t\t\t\t\t\t\t\t\t<p><strong>Vuodelle 2026 on suunnitteilla on 7 pentuetta<\/strong> yhdistelmist\u00e4: Sansa &amp; Simba, Rosa &amp; Paavo, Utu &amp; Paavo, Didi &amp; Sulo, Nova &amp; Sulo, Hilma &amp; Tuukka sek\u00e4 Saffron &amp; Simba.<\/p>\t\t\t\t\t\t\t\t<\/div>\n\t\t\t\t<\/div>\n\t\t\t\t<div class=\"elementor-element elementor-element-1dec69f elementor-widget elementor-widget-image\" data-id=\"1dec69f\" data-element_type=\"widget\" data-e-type=\"widget\" data-widget_type=\"image.default\">\n\t\t\t\t<div class=\"elementor-widget-container\">\n\t\t\t\t\t\t\t\t\t\t\t\t\t\t\t<img decoding=\"async\" width=\"1024\" height=\"681\" src=\"https:\/\/miracleald.com\/wp-content\/uploads\/2025\/05\/Hilma-kirsikkapuisto-1024x681.jpg\" class=\"attachment-large size-large wp-image-1923\" alt=\"\" srcset=\"https:\/\/miracleald.com\/wp-content\/uploads\/2025\/05\/Hilma-kirsikkapuisto-1024x681.jpg 1024w, https:\/\/miracleald.com\/wp-content\/uploads\/2025\/05\/Hilma-kirsikkapuisto-300x200.jpg 300w, https:\/\/miracleald.com\/wp-content\/uploads\/2025\/05\/Hilma-kirsikkapuisto-768x511.jpg 768w, https:\/\/miracleald.com\/wp-content\/uploads\/2025\/05\/Hilma-kirsikkapuisto-1536x1022.jpg 1536w, https:\/\/miracleald.com\/wp-content\/uploads\/2025\/05\/Hilma-kirsikkapuisto-2048x1363.jpg 2048w, https:\/\/miracleald.com\/wp-content\/uploads\/2025\/05\/Hilma-kirsikkapuisto-18x12.jpg 18w\" sizes=\"(max-width: 1024px) 100vw, 1024px\" \/>\t\t\t\t\t\t\t\t\t\t\t\t\t\t\t<\/div>\n\t\t\t\t<\/div>\n\t\t\t\t\t<\/div>\n\t\t\t\t<\/div>\n\t\t\t\t\t<\/div>\n\t\t\t\t<\/div>\n\t\t\t\t\t<\/div>\n\t\t\t\t<\/div>\n\t\t\t\t\t<\/div>\n\t\t\t\t<\/div>\n\t\t\t\t<\/div>","protected":false},"excerpt":{"rendered":"<p>Miracle australianlabradoodle Where real miracles are made Pentu meilt\u00e4 Pennut syntyv\u00e4t kodissamme Helsingiss\u00e4 ja el\u00e4v\u00e4t normaalin perhe-el\u00e4m\u00e4n keskell\u00e4, jossa ne saavat tarvittavia virikkeit\u00e4 Pennut kasvatetaan Puppy Culture -menetelm\u00e4n mukaisesti Olemme sitoutuneet kasvattamaan kansainv\u00e4lisen rotuj\u00e4rjest\u00f6n WALA:n vaatimusten mukaisia australianlabradoodleja Kaikki jalostuskoiramme ovat terveystestattuja, rotum\u00e4\u00e4ritelm\u00e4n mukaisia ja hyv\u00e4luonteisia rotunsa edustajia Pennut ovat madotettuja, sirutettuja,\u00a0 terveystarkastettuja ja rekister\u00f6ityj\u00e4 [&hellip;]<\/p>\n","protected":false},"author":1,"featured_media":0,"parent":0,"menu_order":0,"comment_status":"closed","ping_status":"closed","template":"","meta":{"site-sidebar-layout":"no-sidebar","site-content-layout":"page-builder","ast-site-content-layout":"full-width-container","site-content-style":"unboxed","site-sidebar-style":"unboxed","ast-global-header-display":"","ast-banner-title-visibility":"","ast-main-header-display":"","ast-hfb-above-header-display":"","ast-hfb-below-header-display":"","ast-hfb-mobile-header-display":"","site-post-title":"","ast-breadcrumbs-content":"","ast-featured-img":"disabled","footer-sml-layout":"","ast-disable-related-posts":"","theme-transparent-header-meta":"enabled","adv-header-id-meta":"","stick-header-meta":"","header-above-stick-meta":"","header-main-stick-meta":"","header-below-stick-meta":"","astra-migrate-meta-layouts":"set","ast-page-background-enabled":"default","ast-page-background-meta":{"desktop":{"background-color":"var(--ast-global-color-4)","background-image":"","background-repeat":"repeat","background-position":"center center","background-size":"auto","background-attachment":"scroll","background-type":"","background-media":"","overlay-type":"","overlay-color":"","overlay-opacity":"","overlay-gradient":""},"tablet":{"background-color":"","background-image":"","background-repeat":"repeat","background-position":"center center","background-size":"auto","background-attachment":"scroll","background-type":"","background-media":"","overlay-type":"","overlay-color":"","overlay-opacity":"","overlay-gradient":""},"mobile":{"background-color":"","background-image":"","background-repeat":"repeat","background-position":"center center","background-size":"auto","background-attachment":"scroll","background-type":"","background-media":"","overlay-type":"","overlay-color":"","overlay-opacity":"","overlay-gradient":""}},"ast-content-background-meta":{"desktop":{"background-color":"var(--ast-global-color-5)","background-image":"","background-repeat":"repeat","background-position":"center center","background-size":"auto","background-attachment":"scroll","background-type":"","background-media":"","overlay-type":"","overlay-color":"","overlay-opacity":"","overlay-gradient":""},"tablet":{"background-color":"var(--ast-global-color-5)","background-image":"","background-repeat":"repeat","background-position":"center center","background-size":"auto","background-attachment":"scroll","background-type":"","background-media":"","overlay-type":"","overlay-color":"","overlay-opacity":"","overlay-gradient":""},"mobile":{"background-color":"var(--ast-global-color-5)","background-image":"","background-repeat":"repeat","background-position":"center center","background-size":"auto","background-attachment":"scroll","background-type":"","background-media":"","overlay-type":"","overlay-color":"","overlay-opacity":"","overlay-gradient":""}},"footnotes":""},"class_list":["post-1678","page","type-page","status-publish","hentry"],"_links":{"self":[{"href":"https:\/\/miracleald.com\/en\/wp-json\/wp\/v2\/pages\/1678","targetHints":{"allow":["GET"]}}],"collection":[{"href":"https:\/\/miracleald.com\/en\/wp-json\/wp\/v2\/pages"}],"about":[{"href":"https:\/\/miracleald.com\/en\/wp-json\/wp\/v2\/types\/page"}],"author":[{"embeddable":true,"href":"https:\/\/miracleald.com\/en\/wp-json\/wp\/v2\/users\/1"}],"replies":[{"embeddable":true,"href":"https:\/\/miracleald.com\/en\/wp-json\/wp\/v2\/comments?post=1678"}],"version-history":[{"count":48,"href":"https:\/\/miracleald.com\/en\/wp-json\/wp\/v2\/pages\/1678\/revisions"}],"predecessor-version":[{"id":2173,"href":"https:\/\/miracleald.com\/en\/wp-json\/wp\/v2\/pages\/1678\/revisions\/2173"}],"wp:attachment":[{"href":"https:\/\/miracleald.com\/en\/wp-json\/wp\/v2\/media?parent=1678"}],"curies":[{"name":"wp","href":"https:\/\/api.w.org\/{rel}","templated":true}]}}