{"id":1674,"date":"2024-02-26T08:44:53","date_gmt":"2024-02-26T08:44:53","guid":{"rendered":"https:\/\/miracleald.com\/?page_id=1674"},"modified":"2025-02-09T16:35:10","modified_gmt":"2025-02-09T16:35:10","slug":"kasvattaja","status":"publish","type":"page","link":"https:\/\/miracleald.com\/en\/kasvattaja\/","title":{"rendered":"Breeder"},"content":{"rendered":"<div data-elementor-type=\"wp-page\" data-elementor-id=\"1674\" class=\"elementor elementor-1674\" data-elementor-post-type=\"page\">\n\t\t\t\t<div class=\"elementor-element elementor-element-c85eede e-flex e-con-boxed e-con e-parent\" data-id=\"c85eede\" data-element_type=\"container\" data-e-type=\"container\" data-settings=\"{&quot;background_background&quot;:&quot;classic&quot;}\">\n\t\t\t\t\t<div class=\"e-con-inner\">\n\t\t<div class=\"elementor-element elementor-element-206638e9 e-flex e-con-boxed e-con e-child\" data-id=\"206638e9\" data-element_type=\"container\" data-e-type=\"container\">\n\t\t\t\t\t<div class=\"e-con-inner\">\n\t\t\t\t<div class=\"elementor-element elementor-element-e71a97d elementor-widget elementor-widget-heading\" data-id=\"e71a97d\" data-element_type=\"widget\" data-e-type=\"widget\" data-widget_type=\"heading.default\">\n\t\t\t\t<div class=\"elementor-widget-container\">\n\t\t\t\t\t<h1 class=\"elementor-heading-title elementor-size-default\">Miracle australianlabradoodle<span style=\"font-size: medium;letter-spacing: normal;text-align: start\"><\/span><\/h1>\t\t\t\t<\/div>\n\t\t\t\t<\/div>\n\t\t\t\t<div class=\"elementor-element elementor-element-60af6343 elementor-widget elementor-widget-heading\" data-id=\"60af6343\" data-element_type=\"widget\" data-e-type=\"widget\" data-widget_type=\"heading.default\">\n\t\t\t\t<div class=\"elementor-widget-container\">\n\t\t\t\t\t<h1 class=\"elementor-heading-title elementor-size-default\">Where real miracles are made<\/h1>\t\t\t\t<\/div>\n\t\t\t\t<\/div>\n\t\t\t\t\t<\/div>\n\t\t\t\t<\/div>\n\t\t\t\t\t<\/div>\n\t\t\t\t<\/div>\n\t\t<div class=\"elementor-element elementor-element-96bd614 e-flex e-con-boxed e-con e-parent\" data-id=\"96bd614\" data-element_type=\"container\" data-e-type=\"container\">\n\t\t\t\t\t<div class=\"e-con-inner\">\n\t\t<div class=\"elementor-element elementor-element-f6f7e27 e-flex e-con-boxed e-con e-child\" data-id=\"f6f7e27\" data-element_type=\"container\" data-e-type=\"container\">\n\t\t\t\t\t<div class=\"e-con-inner\">\n\t\t\t\t<div class=\"elementor-element elementor-element-d16f5b6 elementor-widget elementor-widget-heading\" data-id=\"d16f5b6\" data-element_type=\"widget\" data-e-type=\"widget\" data-widget_type=\"heading.default\">\n\t\t\t\t<div class=\"elementor-widget-container\">\n\t\t\t\t\t<h2 class=\"elementor-heading-title elementor-size-default\">Breeder<\/h2>\t\t\t\t<\/div>\n\t\t\t\t<\/div>\n\t\t\t\t<div class=\"elementor-element elementor-element-49160ad elementor-widget-divider--view-line elementor-widget elementor-widget-divider\" data-id=\"49160ad\" data-element_type=\"widget\" data-e-type=\"widget\" data-widget_type=\"divider.default\">\n\t\t\t\t<div class=\"elementor-widget-container\">\n\t\t\t\t\t\t\t<div class=\"elementor-divider\">\n\t\t\t<span class=\"elementor-divider-separator\">\n\t\t\t\t\t\t<\/span>\n\t\t<\/div>\n\t\t\t\t\t\t<\/div>\n\t\t\t\t<\/div>\n\t\t\t\t<div class=\"elementor-element elementor-element-b000873 elementor-widget elementor-widget-text-editor\" data-id=\"b000873\" data-element_type=\"widget\" data-e-type=\"widget\" data-widget_type=\"text-editor.default\">\n\t\t\t\t<div class=\"elementor-widget-container\">\n\t\t\t\t\t\t\t\t\t<p>I have more than 30 years of experience with many different dog breeds and have successfully practiced various sports with my dogs. It was clear to me as soon as I met my first Australian Labradoodle that we had finally found the perfect breed. The cute nature combined with intelligence, excellent trainability and characteristics suitable for a family dog \u200b\u200bmake me happy every single day.<\/p><p>The goal is to breed healthy, easy-to-train and good-natured Australian Labradoodles according to the breed definition.<\/p><p>All our breeding dogs are extensively health checked.<\/p>\t\t\t\t\t\t\t\t<\/div>\n\t\t\t\t<\/div>\n\t\t\t\t<div class=\"elementor-element elementor-element-a7a752e elementor-hidden-desktop elementor-hidden-tablet elementor-hidden-mobile elementor-widget elementor-widget-text-editor\" data-id=\"a7a752e\" data-element_type=\"widget\" data-e-type=\"widget\" data-widget_type=\"text-editor.default\">\n\t\t\t\t<div class=\"elementor-widget-container\">\n\t\t\t\t\t\t\t\t\t<p>I have more than 30 years of experience with many different dog breeds and have successfully practiced various sports with my dogs. It was clear to me as soon as I met my first Australian Labradoodle that we had finally found the perfect breed. The cute nature combined with intelligence, excellent trainability and characteristics suitable for a family dog \u200b\u200bmake me happy every single day.<\/p>\n<p><\/p>\n<p>Tavoitteena on kasvattaa rotum\u00e4\u00e4ritelm\u00e4n mukaisia terveit\u00e4, helposti koulutettavia sek\u00e4 hyv\u00e4 luonteisia australianlabradoodleja.<\/p>\n<p>Kaikki jalostuskoiramme ovat laajasti terveystarkastettuja ja rekister\u00f6ity kansainv\u00e4liseen rotuj\u00e4rjest\u00f6 <a href=\"https:\/\/www.wala-labradoodles.org\/\" target=\"_blank\" rel=\"noopener\">WALA:an.<\/a><\/p>\n<p><\/p>\n<p><img decoding=\"async\" class=\"alignnone wp-image-1728\" src=\"https:\/\/miracleald.com\/wp-content\/uploads\/2024\/02\/WALA-Final-Logo-300x300.webp\" alt=\"\" width=\"136\" height=\"136\" srcset=\"https:\/\/miracleald.com\/wp-content\/uploads\/2024\/02\/WALA-Final-Logo-300x300.webp 300w, https:\/\/miracleald.com\/wp-content\/uploads\/2024\/02\/WALA-Final-Logo-150x150.webp 150w, https:\/\/miracleald.com\/wp-content\/uploads\/2024\/02\/WALA-Final-Logo.webp 520w\" sizes=\"(max-width: 136px) 100vw, 136px\" \/><\/p>\n<p><a href=\"https:\/\/www.australianlabradoodleyhdistys.fi\/\" target=\"_blank\" rel=\"noopener\">Kuulumme Suomen australianlabradoodle yhdistykseen<\/a><\/p>\n<p><img decoding=\"async\" class=\"alignnone wp-image-1729\" src=\"https:\/\/miracleald.com\/wp-content\/uploads\/2024\/02\/aldry_2018_logo_v.png\" alt=\"\" width=\"156\" height=\"151\"><\/p>\t\t\t\t\t\t\t\t<\/div>\n\t\t\t\t<\/div>\n\t\t\t\t\t<\/div>\n\t\t\t\t<\/div>\n\t\t\t\t\t<\/div>\n\t\t\t\t<\/div>\n\t\t\t\t<\/div>","protected":false},"excerpt":{"rendered":"<p>Miracle australianlabradoodle Where real miracles are made Kasvattaja Minulla on yli 30 vuoden kokemus monista eri koiraroduista ja olen harrastanut koirieni kanssa menestyksekk\u00e4\u00e4sti eri lajeja. Minulle oli selv\u00e4\u00e4 heti ensimm\u00e4isen australianlabradoodlen kohdatessani, ett\u00e4 meille t\u00e4ydellinen rotu on viimeinkin l\u00f6ytynyt. S\u00f6p\u00f6 olemus yhdistettyn\u00e4 \u00e4lykkyyteen, erinomaiseen koulutettavuuteen ja perhekoiralle sopiviin ominaisuuksiin ilahduttaa minua joka ikinen p\u00e4iv\u00e4. Tavoitteena [&hellip;]<\/p>\n","protected":false},"author":1,"featured_media":0,"parent":0,"menu_order":0,"comment_status":"closed","ping_status":"closed","template":"","meta":{"site-sidebar-layout":"no-sidebar","site-content-layout":"page-builder","ast-site-content-layout":"full-width-container","site-content-style":"unboxed","site-sidebar-style":"unboxed","ast-global-header-display":"","ast-banner-title-visibility":"","ast-main-header-display":"","ast-hfb-above-header-display":"","ast-hfb-below-header-display":"","ast-hfb-mobile-header-display":"","site-post-title":"disabled","ast-breadcrumbs-content":"","ast-featured-img":"disabled","footer-sml-layout":"","ast-disable-related-posts":"","theme-transparent-header-meta":"enabled","adv-header-id-meta":"","stick-header-meta":"","header-above-stick-meta":"","header-main-stick-meta":"","header-below-stick-meta":"","astra-migrate-meta-layouts":"set","ast-page-background-enabled":"default","ast-page-background-meta":{"desktop":{"background-color":"var(--ast-global-color-4)","background-image":"","background-repeat":"repeat","background-position":"center center","background-size":"auto","background-attachment":"scroll","background-type":"","background-media":"","overlay-type":"","overlay-color":"","overlay-opacity":"","overlay-gradient":""},"tablet":{"background-color":"","background-image":"","background-repeat":"repeat","background-position":"center center","background-size":"auto","background-attachment":"scroll","background-type":"","background-media":"","overlay-type":"","overlay-color":"","overlay-opacity":"","overlay-gradient":""},"mobile":{"background-color":"","background-image":"","background-repeat":"repeat","background-position":"center center","background-size":"auto","background-attachment":"scroll","background-type":"","background-media":"","overlay-type":"","overlay-color":"","overlay-opacity":"","overlay-gradient":""}},"ast-content-background-meta":{"desktop":{"background-color":"var(--ast-global-color-5)","background-image":"","background-repeat":"repeat","background-position":"center center","background-size":"auto","background-attachment":"scroll","background-type":"","background-media":"","overlay-type":"","overlay-color":"","overlay-opacity":"","overlay-gradient":""},"tablet":{"background-color":"var(--ast-global-color-5)","background-image":"","background-repeat":"repeat","background-position":"center center","background-size":"auto","background-attachment":"scroll","background-type":"","background-media":"","overlay-type":"","overlay-color":"","overlay-opacity":"","overlay-gradient":""},"mobile":{"background-color":"var(--ast-global-color-5)","background-image":"","background-repeat":"repeat","background-position":"center center","background-size":"auto","background-attachment":"scroll","background-type":"","background-media":"","overlay-type":"","overlay-color":"","overlay-opacity":"","overlay-gradient":""}},"footnotes":""},"class_list":["post-1674","page","type-page","status-publish","hentry"],"_links":{"self":[{"href":"https:\/\/miracleald.com\/en\/wp-json\/wp\/v2\/pages\/1674","targetHints":{"allow":["GET"]}}],"collection":[{"href":"https:\/\/miracleald.com\/en\/wp-json\/wp\/v2\/pages"}],"about":[{"href":"https:\/\/miracleald.com\/en\/wp-json\/wp\/v2\/types\/page"}],"author":[{"embeddable":true,"href":"https:\/\/miracleald.com\/en\/wp-json\/wp\/v2\/users\/1"}],"replies":[{"embeddable":true,"href":"https:\/\/miracleald.com\/en\/wp-json\/wp\/v2\/comments?post=1674"}],"version-history":[{"count":5,"href":"https:\/\/miracleald.com\/en\/wp-json\/wp\/v2\/pages\/1674\/revisions"}],"predecessor-version":[{"id":1895,"href":"https:\/\/miracleald.com\/en\/wp-json\/wp\/v2\/pages\/1674\/revisions\/1895"}],"wp:attachment":[{"href":"https:\/\/miracleald.com\/en\/wp-json\/wp\/v2\/media?parent=1674"}],"curies":[{"name":"wp","href":"https:\/\/api.w.org\/{rel}","templated":true}]}}