{"id":1668,"date":"2024-02-26T08:41:58","date_gmt":"2024-02-26T08:41:58","guid":{"rendered":"https:\/\/miracleald.com\/?page_id=1668"},"modified":"2026-01-01T21:55:59","modified_gmt":"2026-01-01T21:55:59","slug":"rotuesittely","status":"publish","type":"page","link":"https:\/\/miracleald.com\/en\/rotuesittely\/","title":{"rendered":"Breed presentation"},"content":{"rendered":"<div data-elementor-type=\"wp-page\" data-elementor-id=\"1668\" class=\"elementor elementor-1668\" data-elementor-post-type=\"page\">\n\t\t\t\t<div class=\"elementor-element elementor-element-857c953 e-flex e-con-boxed e-con e-parent\" data-id=\"857c953\" data-element_type=\"container\" data-e-type=\"container\" data-settings=\"{&quot;background_background&quot;:&quot;classic&quot;}\">\n\t\t\t\t\t<div class=\"e-con-inner\">\n\t\t<div class=\"elementor-element elementor-element-5580bfbf e-flex e-con-boxed e-con e-child\" data-id=\"5580bfbf\" data-element_type=\"container\" data-e-type=\"container\">\n\t\t\t\t\t<div class=\"e-con-inner\">\n\t\t\t\t<div class=\"elementor-element elementor-element-f44d438 elementor-widget elementor-widget-heading\" data-id=\"f44d438\" data-element_type=\"widget\" data-e-type=\"widget\" data-widget_type=\"heading.default\">\n\t\t\t\t<div class=\"elementor-widget-container\">\n\t\t\t\t\t<h1 class=\"elementor-heading-title elementor-size-default\">Miracle australianlabradoodle<span style=\"font-size: medium;letter-spacing: normal;text-align: start\"><\/span><\/h1>\t\t\t\t<\/div>\n\t\t\t\t<\/div>\n\t\t\t\t<div class=\"elementor-element elementor-element-5b54d460 elementor-widget elementor-widget-heading\" data-id=\"5b54d460\" data-element_type=\"widget\" data-e-type=\"widget\" data-widget_type=\"heading.default\">\n\t\t\t\t<div class=\"elementor-widget-container\">\n\t\t\t\t\t<h1 class=\"elementor-heading-title elementor-size-default\">Where real miracles are made<\/h1>\t\t\t\t<\/div>\n\t\t\t\t<\/div>\n\t\t\t\t\t<\/div>\n\t\t\t\t<\/div>\n\t\t\t\t\t<\/div>\n\t\t\t\t<\/div>\n\t\t<div class=\"elementor-element elementor-element-96bd614 e-flex e-con-boxed e-con e-parent\" data-id=\"96bd614\" data-element_type=\"container\" data-e-type=\"container\">\n\t\t\t\t\t<div class=\"e-con-inner\">\n\t\t<div class=\"elementor-element elementor-element-f6f7e27 e-flex e-con-boxed e-con e-child\" data-id=\"f6f7e27\" data-element_type=\"container\" data-e-type=\"container\">\n\t\t\t\t\t<div class=\"e-con-inner\">\n\t\t\t\t<div class=\"elementor-element elementor-element-d16f5b6 elementor-widget elementor-widget-heading\" data-id=\"d16f5b6\" data-element_type=\"widget\" data-e-type=\"widget\" data-widget_type=\"heading.default\">\n\t\t\t\t<div class=\"elementor-widget-container\">\n\t\t\t\t\t<h2 class=\"elementor-heading-title elementor-size-default\">Breed presentation<\/h2>\t\t\t\t<\/div>\n\t\t\t\t<\/div>\n\t\t\t\t<div class=\"elementor-element elementor-element-49160ad elementor-widget-divider--view-line elementor-widget elementor-widget-divider\" data-id=\"49160ad\" data-element_type=\"widget\" data-e-type=\"widget\" data-widget_type=\"divider.default\">\n\t\t\t\t<div class=\"elementor-widget-container\">\n\t\t\t\t\t\t\t<div class=\"elementor-divider\">\n\t\t\t<span class=\"elementor-divider-separator\">\n\t\t\t\t\t\t<\/span>\n\t\t<\/div>\n\t\t\t\t\t\t<\/div>\n\t\t\t\t<\/div>\n\t\t<div class=\"elementor-element elementor-element-ee7a355 e-flex e-con-boxed e-con e-child\" data-id=\"ee7a355\" data-element_type=\"container\" data-e-type=\"container\">\n\t\t\t\t\t<div class=\"e-con-inner\">\n\t\t<div class=\"elementor-element elementor-element-a2a4b97 e-flex e-con-boxed e-con e-child\" data-id=\"a2a4b97\" data-element_type=\"container\" data-e-type=\"container\">\n\t\t\t\t\t<div class=\"e-con-inner\">\n\t\t\t\t<div class=\"elementor-element elementor-element-b000873 elementor-widget elementor-widget-text-editor\" data-id=\"b000873\" data-element_type=\"widget\" data-e-type=\"widget\" data-widget_type=\"text-editor.default\">\n\t\t\t\t<div class=\"elementor-widget-container\">\n\t\t\t\t\t\t\t\t\t<p>The breed is allergy friendly.<\/p><p>When you get an Australian Labradoodle from a breeder that is part of a breed association, you can be sure that the puppy's parents are healthy and meet the breed definition.<\/p><p>\u00a0<\/p><p><strong>History:<\/strong> The Australian labradoodle (ALD) is descended from the labrador retriever, the poodle and the cocker spaniel. From the beginning, ALD's development has been based on the idea of \u200b\u200ba well-built, good-natured dog that is suitable as a family and hobby dog \u200b\u200bas well as an assistance and therapy dog.<\/p><p>\u00a0<\/p><p><strong>Character:<\/strong> intelligent by nature, friendly, open and social. The breed is easy to train.<\/p><p><strong><br \/>Size:<\/strong> Mini 35-43 cm, medium 43-53 cm and standard 53-63 cm.<\/p><p><strong><br \/>Colour:<\/strong> All colors are accepted, except Merle coloring or albinism are not accepted for health reasons.<\/p><p><strong><br \/>Fur:<\/strong> Fleece or wool, curl varies.<\/p>\t\t\t\t\t\t\t\t<\/div>\n\t\t\t\t<\/div>\n\t\t\t\t\t<\/div>\n\t\t\t\t<\/div>\n\t\t<div class=\"elementor-element elementor-element-43f69c9 e-flex e-con-boxed e-con e-child\" data-id=\"43f69c9\" data-element_type=\"container\" data-e-type=\"container\">\n\t\t\t\t\t<div class=\"e-con-inner\">\n\t\t\t\t<div class=\"elementor-element elementor-element-01361f3 elementor-widget elementor-widget-gallery\" data-id=\"01361f3\" data-element_type=\"widget\" data-e-type=\"widget\" data-settings=\"{&quot;columns&quot;:3,&quot;aspect_ratio&quot;:&quot;4:3&quot;,&quot;lazyload&quot;:&quot;yes&quot;,&quot;gallery_layout&quot;:&quot;grid&quot;,&quot;columns_tablet&quot;:2,&quot;columns_mobile&quot;:1,&quot;gap&quot;:{&quot;unit&quot;:&quot;px&quot;,&quot;size&quot;:10,&quot;sizes&quot;:[]},&quot;gap_tablet&quot;:{&quot;unit&quot;:&quot;px&quot;,&quot;size&quot;:10,&quot;sizes&quot;:[]},&quot;gap_mobile&quot;:{&quot;unit&quot;:&quot;px&quot;,&quot;size&quot;:10,&quot;sizes&quot;:[]},&quot;link_to&quot;:&quot;file&quot;,&quot;overlay_background&quot;:&quot;yes&quot;,&quot;content_hover_animation&quot;:&quot;fade-in&quot;}\" data-widget_type=\"gallery.default\">\n\t\t\t\t<div class=\"elementor-widget-container\">\n\t\t\t\t\t\t\t<div class=\"elementor-gallery__container\">\n\t\t\t\t\t\t\t<a class=\"e-gallery-item elementor-gallery-item elementor-animated-content\" href=\"https:\/\/miracleald.com\/wp-content\/uploads\/2024\/02\/pentu_meilta_web.jpg\" data-elementor-open-lightbox=\"yes\" data-elementor-lightbox-slideshow=\"01361f3\" data-elementor-lightbox-title=\"pentu_meilta_web\" data-e-action-hash=\"#elementor-action%3Aaction%3Dlightbox%26settings%3DeyJpZCI6MTcwNSwidXJsIjoiaHR0cHM6XC9cL21pcmFjbGVhbGQuY29tXC93cC1jb250ZW50XC91cGxvYWRzXC8yMDI0XC8wMlwvcGVudHVfbWVpbHRhX3dlYi5qcGciLCJzbGlkZXNob3ciOiIwMTM2MWYzIn0%3D\">\n\t\t\t\t\t<div class=\"e-gallery-image elementor-gallery-item__image\" data-thumbnail=\"https:\/\/miracleald.com\/wp-content\/uploads\/2024\/02\/pentu_meilta_web-200x300.jpg\" data-width=\"200\" data-height=\"300\" aria-label=\"\" role=\"img\" ><\/div>\n\t\t\t\t\t\t\t\t\t\t\t<div class=\"elementor-gallery-item__overlay\"><\/div>\n\t\t\t\t\t\t\t\t\t\t\t\t\t\t<\/a>\n\t\t\t\t\t\t\t<a class=\"e-gallery-item elementor-gallery-item elementor-animated-content\" href=\"https:\/\/miracleald.com\/wp-content\/uploads\/2024\/02\/DSC_3926_2_web.jpg\" data-elementor-open-lightbox=\"yes\" data-elementor-lightbox-slideshow=\"01361f3\" data-elementor-lightbox-title=\"DSC_3926_2_web\" data-e-action-hash=\"#elementor-action%3Aaction%3Dlightbox%26settings%3DeyJpZCI6MTY1NiwidXJsIjoiaHR0cHM6XC9cL21pcmFjbGVhbGQuY29tXC93cC1jb250ZW50XC91cGxvYWRzXC8yMDI0XC8wMlwvRFNDXzM5MjZfMl93ZWIuanBnIiwic2xpZGVzaG93IjoiMDEzNjFmMyJ9\">\n\t\t\t\t\t<div class=\"e-gallery-image elementor-gallery-item__image\" data-thumbnail=\"https:\/\/miracleald.com\/wp-content\/uploads\/2024\/02\/DSC_3926_2_web-200x300.jpg\" data-width=\"200\" data-height=\"300\" aria-label=\"\" role=\"img\" ><\/div>\n\t\t\t\t\t\t\t\t\t\t\t<div class=\"elementor-gallery-item__overlay\"><\/div>\n\t\t\t\t\t\t\t\t\t\t\t\t\t\t<\/a>\n\t\t\t\t\t\t\t<a class=\"e-gallery-item elementor-gallery-item elementor-animated-content\" href=\"https:\/\/miracleald.com\/wp-content\/uploads\/2024\/03\/Leona1.jpg\" data-elementor-open-lightbox=\"yes\" data-elementor-lightbox-slideshow=\"01361f3\" data-elementor-lightbox-title=\"Leona1\" data-e-action-hash=\"#elementor-action%3Aaction%3Dlightbox%26settings%3DeyJpZCI6MTc3MiwidXJsIjoiaHR0cHM6XC9cL21pcmFjbGVhbGQuY29tXC93cC1jb250ZW50XC91cGxvYWRzXC8yMDI0XC8wM1wvTGVvbmExLmpwZyIsInNsaWRlc2hvdyI6IjAxMzYxZjMifQ%3D%3D\">\n\t\t\t\t\t<div class=\"e-gallery-image elementor-gallery-item__image\" data-thumbnail=\"https:\/\/miracleald.com\/wp-content\/uploads\/2024\/03\/Leona1-300x200.jpg\" data-width=\"300\" data-height=\"200\" aria-label=\"\" role=\"img\" ><\/div>\n\t\t\t\t\t\t\t\t\t\t\t<div class=\"elementor-gallery-item__overlay\"><\/div>\n\t\t\t\t\t\t\t\t\t\t\t\t\t\t<\/a>\n\t\t\t\t\t\t\t<a class=\"e-gallery-item elementor-gallery-item elementor-animated-content\" href=\"https:\/\/miracleald.com\/wp-content\/uploads\/2025\/02\/Paavo.jpg\" data-elementor-open-lightbox=\"yes\" data-elementor-lightbox-slideshow=\"01361f3\" data-elementor-lightbox-title=\"Paavo\" data-e-action-hash=\"#elementor-action%3Aaction%3Dlightbox%26settings%3DeyJpZCI6MTg3MywidXJsIjoiaHR0cHM6XC9cL21pcmFjbGVhbGQuY29tXC93cC1jb250ZW50XC91cGxvYWRzXC8yMDI1XC8wMlwvUGFhdm8uanBnIiwic2xpZGVzaG93IjoiMDEzNjFmMyJ9\">\n\t\t\t\t\t<div class=\"e-gallery-image elementor-gallery-item__image\" data-thumbnail=\"https:\/\/miracleald.com\/wp-content\/uploads\/2025\/02\/Paavo-292x300.jpg\" data-width=\"292\" data-height=\"300\" aria-label=\"\" role=\"img\" ><\/div>\n\t\t\t\t\t\t\t\t\t\t\t<div class=\"elementor-gallery-item__overlay\"><\/div>\n\t\t\t\t\t\t\t\t\t\t\t\t\t\t<\/a>\n\t\t\t\t\t\t\t<a class=\"e-gallery-item elementor-gallery-item elementor-animated-content\" href=\"https:\/\/miracleald.com\/wp-content\/uploads\/2025\/02\/Hilma.jpg\" data-elementor-open-lightbox=\"yes\" data-elementor-lightbox-slideshow=\"01361f3\" data-elementor-lightbox-title=\"Hilma\" data-e-action-hash=\"#elementor-action%3Aaction%3Dlightbox%26settings%3DeyJpZCI6MTg3MiwidXJsIjoiaHR0cHM6XC9cL21pcmFjbGVhbGQuY29tXC93cC1jb250ZW50XC91cGxvYWRzXC8yMDI1XC8wMlwvSGlsbWEuanBnIiwic2xpZGVzaG93IjoiMDEzNjFmMyJ9\">\n\t\t\t\t\t<div class=\"e-gallery-image elementor-gallery-item__image\" data-thumbnail=\"https:\/\/miracleald.com\/wp-content\/uploads\/2025\/02\/Hilma-212x300.jpg\" data-width=\"212\" data-height=\"300\" aria-label=\"\" role=\"img\" ><\/div>\n\t\t\t\t\t\t\t\t\t\t\t<div class=\"elementor-gallery-item__overlay\"><\/div>\n\t\t\t\t\t\t\t\t\t\t\t\t\t\t<\/a>\n\t\t\t\t\t\t\t<a class=\"e-gallery-item elementor-gallery-item elementor-animated-content\" href=\"https:\/\/miracleald.com\/wp-content\/uploads\/2025\/02\/Simba.jpg\" data-elementor-open-lightbox=\"yes\" data-elementor-lightbox-slideshow=\"01361f3\" data-elementor-lightbox-title=\"Simba\" data-e-action-hash=\"#elementor-action%3Aaction%3Dlightbox%26settings%3DeyJpZCI6MTg3MSwidXJsIjoiaHR0cHM6XC9cL21pcmFjbGVhbGQuY29tXC93cC1jb250ZW50XC91cGxvYWRzXC8yMDI1XC8wMlwvU2ltYmEuanBnIiwic2xpZGVzaG93IjoiMDEzNjFmMyJ9\">\n\t\t\t\t\t<div class=\"e-gallery-image elementor-gallery-item__image\" data-thumbnail=\"https:\/\/miracleald.com\/wp-content\/uploads\/2025\/02\/Simba-225x300.jpg\" data-width=\"225\" data-height=\"300\" aria-label=\"\" role=\"img\" ><\/div>\n\t\t\t\t\t\t\t\t\t\t\t<div class=\"elementor-gallery-item__overlay\"><\/div>\n\t\t\t\t\t\t\t\t\t\t\t\t\t\t<\/a>\n\t\t\t\t\t\t\t<a class=\"e-gallery-item elementor-gallery-item elementor-animated-content\" href=\"https:\/\/miracleald.com\/wp-content\/uploads\/2025\/02\/BellaRosa.jpg\" data-elementor-open-lightbox=\"yes\" data-elementor-lightbox-slideshow=\"01361f3\" data-elementor-lightbox-title=\"BellaRosa\" data-e-action-hash=\"#elementor-action%3Aaction%3Dlightbox%26settings%3DeyJpZCI6MTg3MCwidXJsIjoiaHR0cHM6XC9cL21pcmFjbGVhbGQuY29tXC93cC1jb250ZW50XC91cGxvYWRzXC8yMDI1XC8wMlwvQmVsbGFSb3NhLmpwZyIsInNsaWRlc2hvdyI6IjAxMzYxZjMifQ%3D%3D\">\n\t\t\t\t\t<div class=\"e-gallery-image elementor-gallery-item__image\" data-thumbnail=\"https:\/\/miracleald.com\/wp-content\/uploads\/2025\/02\/BellaRosa-159x300.jpg\" data-width=\"159\" data-height=\"300\" aria-label=\"\" role=\"img\" ><\/div>\n\t\t\t\t\t\t\t\t\t\t\t<div class=\"elementor-gallery-item__overlay\"><\/div>\n\t\t\t\t\t\t\t\t\t\t\t\t\t\t<\/a>\n\t\t\t\t\t\t\t<a class=\"e-gallery-item elementor-gallery-item elementor-animated-content\" href=\"https:\/\/miracleald.com\/wp-content\/uploads\/2025\/05\/Bella-taustakuva.jpg\" data-elementor-open-lightbox=\"yes\" data-elementor-lightbox-slideshow=\"01361f3\" data-elementor-lightbox-title=\"Bella taustakuva\" data-e-action-hash=\"#elementor-action%3Aaction%3Dlightbox%26settings%3DeyJpZCI6MTkxOCwidXJsIjoiaHR0cHM6XC9cL21pcmFjbGVhbGQuY29tXC93cC1jb250ZW50XC91cGxvYWRzXC8yMDI1XC8wNVwvQmVsbGEtdGF1c3Rha3V2YS5qcGciLCJzbGlkZXNob3ciOiIwMTM2MWYzIn0%3D\">\n\t\t\t\t\t<div class=\"e-gallery-image elementor-gallery-item__image\" data-thumbnail=\"https:\/\/miracleald.com\/wp-content\/uploads\/2025\/05\/Bella-taustakuva-255x300.jpg\" data-width=\"255\" data-height=\"300\" aria-label=\"\" role=\"img\" ><\/div>\n\t\t\t\t\t\t\t\t\t\t\t<div class=\"elementor-gallery-item__overlay\"><\/div>\n\t\t\t\t\t\t\t\t\t\t\t\t\t\t<\/a>\n\t\t\t\t\t<\/div>\n\t\t\t\t\t<\/div>\n\t\t\t\t<\/div>\n\t\t\t\t\t<\/div>\n\t\t\t\t<\/div>\n\t\t\t\t\t<\/div>\n\t\t\t\t<\/div>\n\t\t\t\t\t<\/div>\n\t\t\t\t<\/div>\n\t\t\t\t\t<\/div>\n\t\t\t\t<\/div>\n\t\t\t\t<\/div>","protected":false},"excerpt":{"rendered":"<p>Miracle australianlabradoodle Where real miracles are made Rotuesittely Rotu on allergiayst\u00e4v\u00e4llinen. Hankkiessasi australianlabradoodlen rotuj\u00e4rjest\u00f6\u00f6n kuuluvalta kasvattajalta voit olla varma, ett\u00e4 pennun vanhemmat ovat tutkitusti terveit\u00e4 ja rotum\u00e4\u00e4ritelm\u00e4n mukaisia. \u00a0 Historia: Australianlabradoodlen (ALD) perim\u00e4st\u00e4 l\u00f6ytyy labradorinnoutajaa, villakoiraa sek\u00e4 cockerspanielia. ALD:n kehityksen taustalla on alusta asti ollut ajatus terverakenteisesta, hyv\u00e4luonteisesta koirasta, joka sopii perhe- ja harrastuskoiraksi sek\u00e4 [&hellip;]<\/p>\n","protected":false},"author":1,"featured_media":1929,"parent":0,"menu_order":0,"comment_status":"closed","ping_status":"closed","template":"","meta":{"site-sidebar-layout":"no-sidebar","site-content-layout":"page-builder","ast-site-content-layout":"full-width-container","site-content-style":"unboxed","site-sidebar-style":"unboxed","ast-global-header-display":"","ast-banner-title-visibility":"","ast-main-header-display":"","ast-hfb-above-header-display":"","ast-hfb-below-header-display":"","ast-hfb-mobile-header-display":"","site-post-title":"disabled","ast-breadcrumbs-content":"","ast-featured-img":"disabled","footer-sml-layout":"","ast-disable-related-posts":"","theme-transparent-header-meta":"enabled","adv-header-id-meta":"","stick-header-meta":"","header-above-stick-meta":"","header-main-stick-meta":"","header-below-stick-meta":"","astra-migrate-meta-layouts":"set","ast-page-background-enabled":"default","ast-page-background-meta":{"desktop":{"background-color":"var(--ast-global-color-4)","background-image":"","background-repeat":"repeat","background-position":"center center","background-size":"auto","background-attachment":"scroll","background-type":"","background-media":"","overlay-type":"","overlay-color":"","overlay-opacity":"","overlay-gradient":""},"tablet":{"background-color":"","background-image":"","background-repeat":"repeat","background-position":"center center","background-size":"auto","background-attachment":"scroll","background-type":"","background-media":"","overlay-type":"","overlay-color":"","overlay-opacity":"","overlay-gradient":""},"mobile":{"background-color":"","background-image":"","background-repeat":"repeat","background-position":"center center","background-size":"auto","background-attachment":"scroll","background-type":"","background-media":"","overlay-type":"","overlay-color":"","overlay-opacity":"","overlay-gradient":""}},"ast-content-background-meta":{"desktop":{"background-color":"var(--ast-global-color-5)","background-image":"","background-repeat":"repeat","background-position":"center center","background-size":"auto","background-attachment":"scroll","background-type":"","background-media":"","overlay-type":"","overlay-color":"","overlay-opacity":"","overlay-gradient":""},"tablet":{"background-color":"var(--ast-global-color-5)","background-image":"","background-repeat":"repeat","background-position":"center center","background-size":"auto","background-attachment":"scroll","background-type":"","background-media":"","overlay-type":"","overlay-color":"","overlay-opacity":"","overlay-gradient":""},"mobile":{"background-color":"var(--ast-global-color-5)","background-image":"","background-repeat":"repeat","background-position":"center center","background-size":"auto","background-attachment":"scroll","background-type":"","background-media":"","overlay-type":"","overlay-color":"","overlay-opacity":"","overlay-gradient":""}},"footnotes":""},"class_list":["post-1668","page","type-page","status-publish","has-post-thumbnail","hentry"],"_links":{"self":[{"href":"https:\/\/miracleald.com\/en\/wp-json\/wp\/v2\/pages\/1668","targetHints":{"allow":["GET"]}}],"collection":[{"href":"https:\/\/miracleald.com\/en\/wp-json\/wp\/v2\/pages"}],"about":[{"href":"https:\/\/miracleald.com\/en\/wp-json\/wp\/v2\/types\/page"}],"author":[{"embeddable":true,"href":"https:\/\/miracleald.com\/en\/wp-json\/wp\/v2\/users\/1"}],"replies":[{"embeddable":true,"href":"https:\/\/miracleald.com\/en\/wp-json\/wp\/v2\/comments?post=1668"}],"version-history":[{"count":5,"href":"https:\/\/miracleald.com\/en\/wp-json\/wp\/v2\/pages\/1668\/revisions"}],"predecessor-version":[{"id":1956,"href":"https:\/\/miracleald.com\/en\/wp-json\/wp\/v2\/pages\/1668\/revisions\/1956"}],"wp:featuredmedia":[{"embeddable":true,"href":"https:\/\/miracleald.com\/en\/wp-json\/wp\/v2\/media\/1929"}],"wp:attachment":[{"href":"https:\/\/miracleald.com\/en\/wp-json\/wp\/v2\/media?parent=1668"}],"curies":[{"name":"wp","href":"https:\/\/api.w.org\/{rel}","templated":true}]}}